{"id":884,"date":"2024-04-06T11:49:49","date_gmt":"2024-04-06T09:49:49","guid":{"rendered":"http:\/\/yigs.ch\/home\/?page_id=884"},"modified":"2024-04-06T17:03:39","modified_gmt":"2024-04-06T15:03:39","slug":"presse-berichte","status":"publish","type":"page","link":"https:\/\/yigs.ch\/home\/home\/presse-berichte\/","title":{"rendered":"Presse &#8211; Berichte"},"content":{"rendered":"\n<h5 class=\"wp-block-heading\" style=\"margin-top:var(--wp--preset--spacing--60);margin-right:0;margin-bottom:var(--wp--preset--spacing--60);margin-left:0\">sonos &#8211; Juni 2023 &#8211; Ausgabe 02<\/h5>\n\n\n\n<div class=\"wp-block-columns is-layout-flex wp-container-core-columns-is-layout-28f84493 wp-block-columns-is-layout-flex\">\n<div class=\"wp-block-column is-vertically-aligned-center is-layout-flow wp-block-column-is-layout-flow\">\n<figure class=\"wp-block-image aligncenter size-full\"><img loading=\"lazy\" decoding=\"async\" width=\"213\" height=\"296\" src=\"http:\/\/yigs.ch\/wp-content\/uploads\/Sonos_2023_small.png\" alt=\"\" class=\"wp-image-888\"\/><\/figure>\n<\/div>\n\n\n\n<div class=\"wp-block-column is-vertically-aligned-center has-small-font-size is-layout-flow wp-block-column-is-layout-flow\" style=\"border-style:none;border-width:0px\">\n<p>Format: PDF<br>Gr\u00f6\u00dfe: 9 MB<\/p>\n\n\n<a  data-e-Disable-Page-Transition=\"true\" class=\"download-link\" title=\"\" href=\"https:\/\/yigs.ch\/home\/download\/885\/?tmstv=1776212714\" rel=\"nofollow\" id=\"download-link-885\" data-redirect=\"false\" >\n\tPresse Bericht Sonos 2023<\/a>\n\n<\/div>\n<\/div>\n\n\n\n<hr class=\"wp-block-separator has-alpha-channel-opacity is-style-wide\" style=\"margin-top:var(--wp--preset--spacing--60);margin-bottom:var(--wp--preset--spacing--60)\"\/>\n\n\n\n<h5 class=\"wp-block-heading\" style=\"margin-top:var(--wp--preset--spacing--60);margin-bottom:var(--wp--preset--spacing--60)\">Yoga &#8211; barrierefrei f\u00fcr H\u00f6rbehinderte<\/h5>\n\n\n\n<div class=\"wp-block-columns is-layout-flex wp-container-core-columns-is-layout-28f84493 wp-block-columns-is-layout-flex\">\n<div class=\"wp-block-column is-vertically-aligned-center is-layout-flow wp-block-column-is-layout-flow\">\n<figure class=\"wp-block-image aligncenter size-full\"><img loading=\"lazy\" decoding=\"async\" width=\"175\" height=\"266\" src=\"http:\/\/yigs.ch\/wp-content\/uploads\/Yoga_barrierefrei_fuer_Hoerbehinderte_small.png\" alt=\"\" class=\"wp-image-914\"\/><\/figure>\n<\/div>\n\n\n\n<div class=\"wp-block-column is-vertically-aligned-center is-layout-flow wp-block-column-is-layout-flow\">\n<p>Format: PDF<br>Gr\u00f6\u00dfe: 5 MB<\/p>\n\n\n<a  data-e-Disable-Page-Transition=\"true\" class=\"download-link\" title=\"\" href=\"https:\/\/yigs.ch\/home\/download\/917\/?tmstv=1776212714\" rel=\"nofollow\" id=\"download-link-917\" data-redirect=\"false\" >\n\tPresse Bericht - Yoga - barrierefrei f\u00fcr H\u00f6rbehinderte<\/a>\n\n<\/div>\n<\/div>\n\n\n\n<hr class=\"wp-block-separator has-alpha-channel-opacity is-style-wide\" style=\"margin-top:var(--wp--preset--spacing--60);margin-bottom:var(--wp--preset--spacing--60)\"\/>\n\n\n\n<h5 class=\"wp-block-heading\" style=\"margin-top:var(--wp--preset--spacing--60);margin-bottom:var(--wp--preset--spacing--60)\">Yoga &#8211; Barrierefrei f\u00fcr H\u00f6rbehinderte (Text)<\/h5>\n\n\n\n<div class=\"wp-block-columns is-layout-flex wp-container-core-columns-is-layout-28f84493 wp-block-columns-is-layout-flex\">\n<div class=\"wp-block-column is-vertically-aligned-center is-layout-flow wp-block-column-is-layout-flow\">\n<figure class=\"wp-block-image aligncenter size-full\"><img loading=\"lazy\" decoding=\"async\" width=\"175\" height=\"265\" src=\"http:\/\/yigs.ch\/wp-content\/uploads\/Text_Yoga_barrierefrei_fuer_Hoerbehinderte_small.png\" alt=\"\" class=\"wp-image-923\"\/><\/figure>\n<\/div>\n\n\n\n<div class=\"wp-block-column is-vertically-aligned-center is-layout-flow wp-block-column-is-layout-flow\">\n<p>Format: PDF<\/p>\n\n\n<a  data-e-Disable-Page-Transition=\"true\" class=\"download-link\" title=\"Version barrierefrei fu\u0308r ho\u0308rbehinderte\" href=\"https:\/\/yigs.ch\/home\/download\/911\/?tmstv=1776212714\" rel=\"nofollow\" id=\"download-link-911\" data-redirect=\"false\" >\n\tBericht Yoga - barrierefrei f\u00fcr H\u00f6rbehinderte<\/a>\n\n<\/div>\n<\/div>\n","protected":false},"excerpt":{"rendered":"<p>sonos &#8211; Juni 2023 &#8211; Ausgabe 02 Format: PDFGr\u00f6\u00dfe: 9 MB Yoga &#8211; barrierefrei f\u00fcr H\u00f6rbehinderte Format: PDFGr\u00f6\u00dfe: 5 MB Yoga &#8211; Barrierefrei f\u00fcr H\u00f6rbehinderte (Text) Format: PDF<\/p>\n","protected":false},"author":4,"featured_media":0,"parent":2,"menu_order":2,"comment_status":"closed","ping_status":"closed","template":"page-no-separators","meta":{"footnotes":""},"class_list":["post-884","page","type-page","status-publish","hentry"],"_links":{"self":[{"href":"https:\/\/yigs.ch\/home\/wp-json\/wp\/v2\/pages\/884","targetHints":{"allow":["GET"]}}],"collection":[{"href":"https:\/\/yigs.ch\/home\/wp-json\/wp\/v2\/pages"}],"about":[{"href":"https:\/\/yigs.ch\/home\/wp-json\/wp\/v2\/types\/page"}],"author":[{"embeddable":true,"href":"https:\/\/yigs.ch\/home\/wp-json\/wp\/v2\/users\/4"}],"replies":[{"embeddable":true,"href":"https:\/\/yigs.ch\/home\/wp-json\/wp\/v2\/comments?post=884"}],"version-history":[{"count":19,"href":"https:\/\/yigs.ch\/home\/wp-json\/wp\/v2\/pages\/884\/revisions"}],"predecessor-version":[{"id":930,"href":"https:\/\/yigs.ch\/home\/wp-json\/wp\/v2\/pages\/884\/revisions\/930"}],"up":[{"embeddable":true,"href":"https:\/\/yigs.ch\/home\/wp-json\/wp\/v2\/pages\/2"}],"wp:attachment":[{"href":"https:\/\/yigs.ch\/home\/wp-json\/wp\/v2\/media?parent=884"}],"curies":[{"name":"wp","href":"https:\/\/api.w.org\/{rel}","templated":true}]}}