{"id":2,"date":"2022-11-05T11:35:18","date_gmt":"2022-11-05T10:35:18","guid":{"rendered":"http:\/\/yigs.ch\/wordpress\/?page_id=2"},"modified":"2024-03-17T19:19:57","modified_gmt":"2024-03-17T18:19:57","slug":"home","status":"publish","type":"page","link":"https:\/\/yigs.ch\/home\/","title":{"rendered":"Home"},"content":{"rendered":"\n<p>Herzlich willkommen bei \u201eYIGS \u2013 Yoga in Geb\u00e4rdensprache\u201c.<\/p>\n\n\n\n<p>Seit November 2022 gibt es eine Yoga Grundausbildung in Geb\u00e4rdensprache. Wir freuen uns \u00fcber dieses Pionierprojekt und informieren Sie gerne \u00fcber den Verein YIGS und das Engagement im Bereich Zugang in Geb\u00e4rdensprache zu Bildung, Gesundheit und Pr\u00e4vention.<\/p>\n","protected":false},"excerpt":{"rendered":"<p>Herzlich willkommen bei \u201eYIGS \u2013 Yoga in Geb\u00e4rdensprache\u201c. Seit November 2022 gibt es eine Yoga Grundausbildung in Geb\u00e4rdensprache. Wir freuen uns \u00fcber dieses Pionierprojekt und informieren Sie gerne \u00fcber den Verein YIGS und das Engagement im Bereich Zugang in Geb\u00e4rdensprache zu Bildung, Gesundheit und Pr\u00e4vention.<\/p>\n","protected":false},"author":4,"featured_media":0,"parent":0,"menu_order":0,"comment_status":"closed","ping_status":"closed","template":"page-no-separators","meta":{"footnotes":""},"class_list":["post-2","page","type-page","status-publish","hentry"],"_links":{"self":[{"href":"https:\/\/yigs.ch\/home\/wp-json\/wp\/v2\/pages\/2","targetHints":{"allow":["GET"]}}],"collection":[{"href":"https:\/\/yigs.ch\/home\/wp-json\/wp\/v2\/pages"}],"about":[{"href":"https:\/\/yigs.ch\/home\/wp-json\/wp\/v2\/types\/page"}],"author":[{"embeddable":true,"href":"https:\/\/yigs.ch\/home\/wp-json\/wp\/v2\/users\/4"}],"replies":[{"embeddable":true,"href":"https:\/\/yigs.ch\/home\/wp-json\/wp\/v2\/comments?post=2"}],"version-history":[{"count":6,"href":"https:\/\/yigs.ch\/home\/wp-json\/wp\/v2\/pages\/2\/revisions"}],"predecessor-version":[{"id":136,"href":"https:\/\/yigs.ch\/home\/wp-json\/wp\/v2\/pages\/2\/revisions\/136"}],"wp:attachment":[{"href":"https:\/\/yigs.ch\/home\/wp-json\/wp\/v2\/media?parent=2"}],"curies":[{"name":"wp","href":"https:\/\/api.w.org\/{rel}","templated":true}]}}