{"id":143,"date":"2022-11-20T14:37:32","date_gmt":"2022-11-20T13:37:32","guid":{"rendered":"http:\/\/yigs.ch\/home\/?page_id=143"},"modified":"2024-03-17T19:18:43","modified_gmt":"2024-03-17T18:18:43","slug":"grundausbildung-yigs","status":"publish","type":"page","link":"https:\/\/yigs.ch\/home\/grundausbildung-yigs\/","title":{"rendered":"Grundausbildung YIGS"},"content":{"rendered":"\n<p>Die \u201eHatha Yoga Grundausbildung in Geb\u00e4rdensprache DSGS\u201c ist entstanden, nachdem die \u00fcber Jahre geplante Ausbildung f\u00fcr Geh\u00f6rlose und Schwerh\u00f6rige in Kooperation mit einem traditionellen Yogastudio in Chur abgesagt wurde. Daraufhin haben sich die Initiantinnen des Projekts entschieden, eigenst\u00e4ndig eine Ausbildung in Geb\u00e4rdensprache aufzubauen. So etwas hat es in der Schweiz noch nie gegeben. Das ist eine Premiere und erfordert Pionierarbeit.<\/p>\n\n\n\n<p>Das Curriculum sowie die Ausbildungsinhalte orientieren sich an den klassischen Yoga-Ausbildungen, werden jedoch zielgruppenad\u00e4quat angepasst und inhaltlich g\u00e4nzlich bilingual aufbereitet. Das Unterrichtsmaterial wird visuell ansprechend gestaltet und an die Kommunikationsformen und -Bed\u00fcrfnisse von geh\u00f6rlosen, schwerh\u00f6rigen und h\u00f6rseh-behinderten Kursteilnehmer:innen angepasst.<\/p>\n\n\n\n<p>Die Ausbildungsleitung und Verantwortung liegen bei Karin Arquisch, diplomierte Yogalehrerin SYV\/EYU, und Corinne Leemann, Integrative Beraterin und Coach ibp\/bso.<\/p>\n\n\n\n<p>Die Co-Leitung wird in einzelnen Bl\u00f6cken von Gastdozent:innen unterst\u00fctzt, die ihre fachliche Expertise in spezifischen Themenbereichen einbringen und so zu einem fundierten und ausgewogenen Ausbildungsprogramm beitragen. Zwei geh\u00f6rlose Teilnehmerinnen, die urspr\u00fcnglichen Initiantinnen, unterst\u00fctzen das Ausbildungsteam bei der \u00dcbersetzung der Kursunterlagen in Geb\u00e4rdensprache und pr\u00fcfen die hohen Qualit\u00e4tsanforderungen an Zug\u00e4nglichkeit und Barrierefreiheit der Hatha Yoga Grundausbildung. Die Entwicklung und der Materialaufbau der Kursunterlagen in Geb\u00e4rdensprache ist eine Pionierleistung, welche von den geh\u00f6rlosen und h\u00f6renden Fachpersonen gemeinsam konzipiert und umgesetzt wird.<\/p>\n\n\n\n<p>Die einj\u00e4hrige Ausbildung umfasst insgesamt 10 Wochenendbl\u00f6cke und ein 10-t\u00e4giges Retreat. Die Teilnahme steht allen Interessierten offen, die in Geb\u00e4rdensprache (DSGS) kommunizieren k\u00f6nnen.<\/p>\n","protected":false},"excerpt":{"rendered":"<p>Die \u201eHatha Yoga Grundausbildung in Geb\u00e4rdensprache DSGS\u201c ist entstanden, nachdem die \u00fcber Jahre geplante Ausbildung f\u00fcr Geh\u00f6rlose und Schwerh\u00f6rige in Kooperation mit einem traditionellen Yogastudio in Chur abgesagt wurde. Daraufhin haben sich die Initiantinnen des Projekts entschieden, eigenst\u00e4ndig eine Ausbildung in Geb\u00e4rdensprache aufzubauen. So etwas hat es in der Schweiz noch nie gegeben. Das ist [&hellip;]<\/p>\n","protected":false},"author":4,"featured_media":0,"parent":0,"menu_order":0,"comment_status":"closed","ping_status":"closed","template":"page-no-separators","meta":{"footnotes":""},"class_list":["post-143","page","type-page","status-publish","hentry"],"_links":{"self":[{"href":"https:\/\/yigs.ch\/home\/wp-json\/wp\/v2\/pages\/143","targetHints":{"allow":["GET"]}}],"collection":[{"href":"https:\/\/yigs.ch\/home\/wp-json\/wp\/v2\/pages"}],"about":[{"href":"https:\/\/yigs.ch\/home\/wp-json\/wp\/v2\/types\/page"}],"author":[{"embeddable":true,"href":"https:\/\/yigs.ch\/home\/wp-json\/wp\/v2\/users\/4"}],"replies":[{"embeddable":true,"href":"https:\/\/yigs.ch\/home\/wp-json\/wp\/v2\/comments?post=143"}],"version-history":[{"count":2,"href":"https:\/\/yigs.ch\/home\/wp-json\/wp\/v2\/pages\/143\/revisions"}],"predecessor-version":[{"id":149,"href":"https:\/\/yigs.ch\/home\/wp-json\/wp\/v2\/pages\/143\/revisions\/149"}],"wp:attachment":[{"href":"https:\/\/yigs.ch\/home\/wp-json\/wp\/v2\/media?parent=143"}],"curies":[{"name":"wp","href":"https:\/\/api.w.org\/{rel}","templated":true}]}}